{"id":46550,"date":"2025-12-12T10:29:45","date_gmt":"2025-12-12T15:29:45","guid":{"rendered":"https:\/\/stg.foodbankscanada.ca\/?page_id=46550"},"modified":"2025-12-12T10:29:54","modified_gmt":"2025-12-12T15:29:54","slug":"le-parcours-alimentaire-dans-les-communautes-eloignees","status":"publish","type":"page","link":"https:\/\/stg.foodbankscanada.ca\/fr\/le-parcours-alimentaire-dans-les-communautes-eloignees\/","title":{"rendered":"Le parcours alimentaire dans les communaut\u00e9s \u00e9loign\u00e9es"},"content":{"rendered":"\n<iframe loading=\"lazy\" width=\"100%\" height=\"900\" frameborder=\"0\" allowfullscreen src=\"https:\/\/storymaps.arcgis.com\/stories\/0a2bc25da7454ee8b7c22cb98298d9a9?header\"><\/iframe>\n","protected":false},"excerpt":{"rendered":"","protected":false},"author":36,"featured_media":0,"parent":0,"menu_order":0,"comment_status":"closed","ping_status":"closed","template":"","meta":{"_acf_changed":false,"footnotes":""},"categories":[],"tags":[],"class_list":["post-46550","page","type-page","status-publish","hentry"],"acf":[],"yoast_head":"<!-- This site is optimized with the Yoast SEO Premium plugin v26.9 (Yoast SEO v26.9) - https:\/\/yoast.com\/product\/yoast-seo-premium-wordpress\/ -->\n<title>Le parcours alimentaire dans les communaut\u00e9s \u00e9loign\u00e9es - Banques alimentaires Canada<\/title>\n<meta name=\"robots\" content=\"noindex, follow, max-snippet:-1, max-image-preview:large, max-video-preview:-1\" \/>\n<meta property=\"og:locale\" content=\"fr_CA\" \/>\n<meta property=\"og:type\" content=\"article\" \/>\n<meta property=\"og:title\" content=\"Le parcours alimentaire dans les communaut\u00e9s \u00e9loign\u00e9es\" \/>\n<meta property=\"og:url\" content=\"https:\/\/stg.foodbankscanada.ca\/fr\/le-parcours-alimentaire-dans-les-communautes-eloignees\/\" \/>\n<meta property=\"og:site_name\" content=\"Banques alimentaires Canada\" \/>\n<meta property=\"article:modified_time\" content=\"2025-12-12T15:29:54+00:00\" \/>\n<meta name=\"twitter:card\" content=\"summary_large_image\" \/>\n<script type=\"application\/ld+json\" class=\"yoast-schema-graph\">{\"@context\":\"https:\/\/schema.org\",\"@graph\":[{\"@type\":\"WebPage\",\"@id\":\"https:\/\/stg.foodbankscanada.ca\/fr\/le-parcours-alimentaire-dans-les-communautes-eloignees\/\",\"url\":\"https:\/\/stg.foodbankscanada.ca\/fr\/le-parcours-alimentaire-dans-les-communautes-eloignees\/\",\"name\":\"Le parcours alimentaire dans les communaut\u00e9s \u00e9loign\u00e9es - Banques alimentaires Canada\",\"isPartOf\":{\"@id\":\"https:\/\/stg.foodbankscanada.ca\/fr\/#website\"},\"datePublished\":\"2025-12-12T15:29:45+00:00\",\"dateModified\":\"2025-12-12T15:29:54+00:00\",\"breadcrumb\":{\"@id\":\"https:\/\/stg.foodbankscanada.ca\/fr\/le-parcours-alimentaire-dans-les-communautes-eloignees\/#breadcrumb\"},\"inLanguage\":\"fr-CA\",\"potentialAction\":[{\"@type\":\"ReadAction\",\"target\":[\"https:\/\/stg.foodbankscanada.ca\/fr\/le-parcours-alimentaire-dans-les-communautes-eloignees\/\"]}]},{\"@type\":\"BreadcrumbList\",\"@id\":\"https:\/\/stg.foodbankscanada.ca\/fr\/le-parcours-alimentaire-dans-les-communautes-eloignees\/#breadcrumb\",\"itemListElement\":[{\"@type\":\"ListItem\",\"position\":1,\"name\":\"Accueil\",\"item\":\"https:\/\/stg.foodbankscanada.ca\/fr\/\"},{\"@type\":\"ListItem\",\"position\":2,\"name\":\"Le parcours alimentaire dans les communaut\u00e9s \u00e9loign\u00e9es\"}]},{\"@type\":\"WebSite\",\"@id\":\"https:\/\/stg.foodbankscanada.ca\/fr\/#website\",\"url\":\"https:\/\/stg.foodbankscanada.ca\/fr\/\",\"name\":\"Food Banks Canada\",\"description\":\"\",\"potentialAction\":[{\"@type\":\"SearchAction\",\"target\":{\"@type\":\"EntryPoint\",\"urlTemplate\":\"https:\/\/stg.foodbankscanada.ca\/fr\/?s={search_term_string}\"},\"query-input\":{\"@type\":\"PropertyValueSpecification\",\"valueRequired\":true,\"valueName\":\"search_term_string\"}}],\"inLanguage\":\"fr-CA\"}]}<\/script>\n<!-- \/ Yoast SEO Premium plugin. -->","yoast_head_json":{"title":"Le parcours alimentaire dans les communaut\u00e9s \u00e9loign\u00e9es - Banques alimentaires Canada","robots":{"index":"noindex","follow":"follow","max-snippet":"max-snippet:-1","max-image-preview":"max-image-preview:large","max-video-preview":"max-video-preview:-1"},"og_locale":"fr_CA","og_type":"article","og_title":"Le parcours alimentaire dans les communaut\u00e9s \u00e9loign\u00e9es","og_url":"https:\/\/stg.foodbankscanada.ca\/fr\/le-parcours-alimentaire-dans-les-communautes-eloignees\/","og_site_name":"Banques alimentaires Canada","article_modified_time":"2025-12-12T15:29:54+00:00","twitter_card":"summary_large_image","schema":{"@context":"https:\/\/schema.org","@graph":[{"@type":"WebPage","@id":"https:\/\/stg.foodbankscanada.ca\/fr\/le-parcours-alimentaire-dans-les-communautes-eloignees\/","url":"https:\/\/stg.foodbankscanada.ca\/fr\/le-parcours-alimentaire-dans-les-communautes-eloignees\/","name":"Le parcours alimentaire dans les communaut\u00e9s \u00e9loign\u00e9es - Banques alimentaires Canada","isPartOf":{"@id":"https:\/\/stg.foodbankscanada.ca\/fr\/#website"},"datePublished":"2025-12-12T15:29:45+00:00","dateModified":"2025-12-12T15:29:54+00:00","breadcrumb":{"@id":"https:\/\/stg.foodbankscanada.ca\/fr\/le-parcours-alimentaire-dans-les-communautes-eloignees\/#breadcrumb"},"inLanguage":"fr-CA","potentialAction":[{"@type":"ReadAction","target":["https:\/\/stg.foodbankscanada.ca\/fr\/le-parcours-alimentaire-dans-les-communautes-eloignees\/"]}]},{"@type":"BreadcrumbList","@id":"https:\/\/stg.foodbankscanada.ca\/fr\/le-parcours-alimentaire-dans-les-communautes-eloignees\/#breadcrumb","itemListElement":[{"@type":"ListItem","position":1,"name":"Accueil","item":"https:\/\/stg.foodbankscanada.ca\/fr\/"},{"@type":"ListItem","position":2,"name":"Le parcours alimentaire dans les communaut\u00e9s \u00e9loign\u00e9es"}]},{"@type":"WebSite","@id":"https:\/\/stg.foodbankscanada.ca\/fr\/#website","url":"https:\/\/stg.foodbankscanada.ca\/fr\/","name":"Food Banks Canada","description":"","potentialAction":[{"@type":"SearchAction","target":{"@type":"EntryPoint","urlTemplate":"https:\/\/stg.foodbankscanada.ca\/fr\/?s={search_term_string}"},"query-input":{"@type":"PropertyValueSpecification","valueRequired":true,"valueName":"search_term_string"}}],"inLanguage":"fr-CA"}]}},"_links":{"self":[{"href":"https:\/\/stg.foodbankscanada.ca\/fr\/wp-json\/wp\/v2\/pages\/46550","targetHints":{"allow":["GET"]}}],"collection":[{"href":"https:\/\/stg.foodbankscanada.ca\/fr\/wp-json\/wp\/v2\/pages"}],"about":[{"href":"https:\/\/stg.foodbankscanada.ca\/fr\/wp-json\/wp\/v2\/types\/page"}],"author":[{"embeddable":true,"href":"https:\/\/stg.foodbankscanada.ca\/fr\/wp-json\/wp\/v2\/users\/36"}],"replies":[{"embeddable":true,"href":"https:\/\/stg.foodbankscanada.ca\/fr\/wp-json\/wp\/v2\/comments?post=46550"}],"version-history":[{"count":2,"href":"https:\/\/stg.foodbankscanada.ca\/fr\/wp-json\/wp\/v2\/pages\/46550\/revisions"}],"predecessor-version":[{"id":46569,"href":"https:\/\/stg.foodbankscanada.ca\/fr\/wp-json\/wp\/v2\/pages\/46550\/revisions\/46569"}],"wp:attachment":[{"href":"https:\/\/stg.foodbankscanada.ca\/fr\/wp-json\/wp\/v2\/media?parent=46550"}],"wp:term":[{"taxonomy":"category","embeddable":true,"href":"https:\/\/stg.foodbankscanada.ca\/fr\/wp-json\/wp\/v2\/categories?post=46550"},{"taxonomy":"post_tag","embeddable":true,"href":"https:\/\/stg.foodbankscanada.ca\/fr\/wp-json\/wp\/v2\/tags?post=46550"}],"curies":[{"name":"wp","href":"https:\/\/api.w.org\/{rel}","templated":true}]}}