{"id":41555,"date":"2025-05-16T09:34:04","date_gmt":"2025-05-16T13:34:04","guid":{"rendered":"https:\/\/stg.foodbankscanada.ca\/?page_id=41555"},"modified":"2025-12-19T09:16:34","modified_gmt":"2025-12-19T14:16:34","slug":"ce-que-nous-faisons","status":"publish","type":"page","link":"https:\/\/stg.foodbankscanada.ca\/fr\/ce-que-nous-faisons\/","title":{"rendered":"Ce que nous faisons"},"content":{"rendered":"<section class=\" block block-hero-with-youtube hero-with-youtube  aligndefault\"\n         style=\"  background-color: rgba(254, 245, 221, 0); \">\n  <div class=\"container-lg px-0 d-flex flex-column flex-lg-row-reverse\">\n    \n    <div class=\"container-lg px-0 px-lg-2 col-12 col-lg-8\">\n      <div class=\"video-container mb-4\">\n        <iframe loading=\"lazy\" width=\"560\" height=\"315\" src=\"https:\/\/www.youtube.com\/embed\/VbwS6jmi6DI?si=l8T3aiVNE0FrXYFc&#038;autoplay=1&#038;mute=1\" title=\"YouTube video player\" frameborder=\"0\" allow=\"accelerometer; autoplay; clipboard-write; encrypted-media; gyroscope; picture-in-picture; web-share\" referrerpolicy=\"strict-origin-when-cross-origin\" allowfullscreen><\/iframe>\n      <\/div>\n      \n              <div class=\"d-none d-lg-block\">\n          \n        <\/div>\n          <\/div>\n\n    \n    <div class=\"container col-12 col-lg-4 text-break title-with-list\">\n      <div class=\"breadcrumbs-section    \n   breadcrumbs_normal \">\n  <p id=\"breadcrumbs\" class=\"\"><span><span><a href=\"https:\/\/stg.foodbankscanada.ca\/fr\/\">Accueil<\/a><\/span><\/span><\/p><\/div>              <div class=\"mt-4\">\n          <h1>CE QUE NOUS FAISONS<\/h1>\n<ul>\n<li><a href=\"#nos-objectifs-a-long-terme\">Nos objectifs \u00e0 long terme<\/a><\/li>\n<li><a href=\"#nos-trois-domaines-d\u2019interet\">Domaines d\u2019int\u00e9r\u00eat<\/a>\n<ul class=\"mt-1\">\n<li><a href=\"https:\/\/stg.foodbankscanada.ca\/fr\/ce-que-nous-faisons\/augmentation-de-lapprovisionnement-alimentaire\/\">Augmentation de l\u2019approvisionnement alimentaire<\/a><\/li>\n<li><a href=\"https:\/\/stg.foodbankscanada.ca\/fr\/ce-que-nous-faisons\/soutien-et-amelioration-du-reseau-de-banques-alimentaires\/\">Soutien et am\u00e9lioration du r\u00e9seau de banques alimentaires<\/a><\/li>\n<li><a href=\"https:\/\/stg.foodbankscanada.ca\/fr\/ce-que-nous-faisons\/defense-des-interets-et-sensibilisation\/\">D\u00e9fense des int\u00e9r\u00eats et sensibilisation<\/a><\/li>\n<\/ul>\n<\/li>\n<li><a href=\"#priorites-strategiques\">Priorit\u00e9s strat\u00e9giques<\/a><\/li>\n<li><a href=\"#projets-speciaux\">Projets sp\u00e9ciaux<\/a><\/li>\n<\/ul>\n\n        <\/div>\n      \n              <div class=\"mt-4 d-block d-lg-none\">\n          \n        <\/div>\n          <\/div>\n  <\/div>\n<\/section>\n\n<section class=\" block block-no-bg-image-card-group-v2 no-bg-image-card-group-v2 mt-2 aligndefault bg-color-red \n                 py-5 \" style=\"\">\n  <div class=\"container\">\n  \n          \n    \n    <div class=\"row row-cols-1  g-5 \">\n       \n                  <div class=\"col col-12 col-md-6 col-lg-6 d-flex align-items-stretch\">\n  <div class=\"card w-100 border-0\">\n          <img decoding=\"async\" loading=\"lazy\" src=\"https:\/\/content.foodbankscanada.ca\/wordpress\/2025\/05\/home_171.webp\" class=\"card-img-top blog-image\" style=\"aspect-ratio:4\/3; object-fit: cover;\">\n    \n    <div class=\"card-body p-0 text-body-color \">\n      \n              <p class=\"fw-semibold mt-4 mb-2 blog-title card-title\"><\/p>\n      \n      \n        <div class=\"card-text\">\n                <h2 class=\"text-secondary\">Vision<\/h2>\n<p class=\"text-light\">Un Canada o\u00f9 personne ne souffre de la faim<\/p>\n\n          <\/div>\n\n            <\/div>\n  <\/div>\n<\/div> \n                  <div class=\"col col-12 col-md-6 col-lg-6 d-flex align-items-stretch\">\n  <div class=\"card w-100 border-0\">\n          <img decoding=\"async\" loading=\"lazy\" src=\"https:\/\/content.foodbankscanada.ca\/wordpress\/2025\/05\/image-159-11.png\" class=\"card-img-top blog-image\" style=\"aspect-ratio:4\/3; object-fit: cover;\">\n    \n    <div class=\"card-body p-0 text-body-color \">\n      \n              <p class=\"fw-semibold mt-4 mb-2 blog-title card-title\"><\/p>\n      \n      \n        <div class=\"card-text\">\n                <h2 class=\"text-secondary\">Mission<\/h2>\n<p class=\"text-light\">Soulager la faim aujourd\u2019hui et pr\u00e9venir la faim demain<\/p>\n\n          <\/div>\n\n            <\/div>\n  <\/div>\n<\/div> \n                  <\/div>\n  <\/div>\n<\/section>\n\n\n<div id=\"nos-objectifs-a-long-terme\" class=\"wp-block-group is-layout-constrained wp-block-group-is-layout-constrained\"><section class=\" block block-text-with-bars text-with-bars  aligndefault \n                 bg-color-beige py-5 \" \n                style=\"\">\n  <div class=\"container\">\n\n          <div class=\"mb-3\">\n        <h2>Nos objectifs \u00e0 long terme<\/h2>\n \n      <\/div>\n    \n    <div class=\"row row-cols-1\">\n               \n          <div class=\"col col-12 col-md-6 col-lg-3 text-box mb-4 p-4\">\n                          <p>Des politiques gouvernementales fond\u00e9es sur des donn\u00e9es probantes qui r\u00e9duisent consid\u00e9rablement l\u2019ins\u00e9curit\u00e9 alimentaire au Canada.<\/p>\n\n                      <\/div>\n         \n          <div class=\"col col-12 col-md-6 col-lg-3 text-box mb-4 p-4\">\n                          <p>Un approvisionnement alimentaire stable et nutritif pour toutes les banques alimentaires du pays.<\/p>\n\n                      <\/div>\n         \n          <div class=\"col col-12 col-md-6 col-lg-3 text-box mb-4 p-4\">\n                          <p>Des initiatives dirig\u00e9es par les communaut\u00e9s elles-m\u00eames pour un acc\u00e8s durable aux aliments dans le Nord canadien.<\/p>\n\n                      <\/div>\n         \n          <div class=\"col col-12 col-md-6 col-lg-3 text-box mb-4 p-4\">\n                          <p>Nos objectifs \u00e0 long terme<\/h2>\n<li>Un syst\u00e8me de banques alimentaires stable, r\u00e9silient et r\u00e9actif \u00e0 l\u2019\u00e9volution des besoins et des urgences.<br \/>\n\n                      <\/div>\n                  <\/div>\n  \n  <\/div>\n<\/section><\/div>\n\n\n\n<div style=\"height:40px\" aria-hidden=\"true\" class=\"wp-block-spacer\"><\/div>\n\n\n\n<div class=\"wp-block-group is-layout-constrained wp-block-group-is-layout-constrained\">\n<div style=\"height:40px\" aria-hidden=\"true\" class=\"wp-block-spacer\"><\/div>\n\n\n\n<div class=\"wp-block-columns container is-layout-flex wp-container-core-columns-is-layout-9d6595d7 wp-block-columns-is-layout-flex\">\n<div class=\"wp-block-column container is-layout-flow wp-block-column-is-layout-flow\" style=\"flex-basis:33.33%\">\n<h2 class=\"wp-block-heading container\" id=\"h-notre-travail\">Notre travail<\/h2>\n\n\n\n<p>La mission de Banques alimentaires Canada est simple&nbsp;: soulager la faim aujourd\u2019hui et pr\u00e9venir la faim demain. Nous travaillons \u00e0 l\u2019atteinte de notre vision d\u2019un Canada o\u00f9 personne ne souffrira de la faim. Mais \u00e0 quoi cela ressemble-t-il dans les faits? <\/p>\n\n\n\n<p>Nous soutenons plus de 5&nbsp;500 banques alimentaires et organismes communautaires partout au pays en leur fournissant du financement, des ressources et des activit\u00e9s de d\u00e9fense des int\u00e9r\u00eats pour les aider \u00e0 renforcer leur incidence. Notre travail se concentre sur trois domaines cl\u00e9s&nbsp;: accro\u00eetre l\u2019approvisionnement alimentaire, am\u00e9liorer et soutenir le r\u00e9seau de banques alimentaires et promouvoir la d\u00e9fense des int\u00e9r\u00eats et la sensibilisation en vue d\u2019un changement \u00e0 long terme.<\/p>\n<\/div>\n\n\n\n<div class=\"wp-block-column is-layout-flow wp-block-column-is-layout-flow\" style=\"flex-basis:66.66%\">\n<figure class=\"wp-block-embed is-type-video is-provider-youtube wp-block-embed-youtube wp-embed-aspect-16-9 wp-has-aspect-ratio\"><div class=\"wp-block-embed__wrapper\">\n<iframe loading=\"lazy\" title=\"Food Banks Canada: What We Do  | Banques alimentaires Canada : Ce que nous faisons\" width=\"500\" height=\"281\" src=\"https:\/\/www.youtube.com\/embed\/VbwS6jmi6DI?feature=oembed\" frameborder=\"0\" allow=\"accelerometer; autoplay; clipboard-write; encrypted-media; gyroscope; picture-in-picture; web-share\" referrerpolicy=\"strict-origin-when-cross-origin\" allowfullscreen><\/iframe>\n<\/div><\/figure>\n<\/div>\n<\/div>\n\n\n\n<div style=\"height:40px\" aria-hidden=\"true\" class=\"wp-block-spacer\"><\/div>\n<\/div>\n\n\n\n<div id=\"nos-trois-domaines-d\u2019interet\" class=\"wp-block-group is-layout-constrained wp-block-group-is-layout-constrained\"><section class=\" block block-no-bg-image-card-group-v2 no-bg-image-card-group-v2 my-5 aligndefault bg-color-light \n                \" style=\"\">\n  <div class=\"container\">\n  \n          <h2>Nos trois domaines d\u2019int\u00e9r\u00eat<\/h2>\n<h4>Afin d\u2019atteindre ces objectifs \u00e0 long terme, nous mettons l\u2019accent sur trois domaines d\u2019int\u00e9r\u00eat principaux.<br \/>\nIls d\u00e9finissent l\u2019orientation g\u00e9n\u00e9rale de notre travail et repr\u00e9sentent les principales avenues par lesquelles<br \/>\nnous cherchons \u00e0 favoriser le changement.<\/h4>\n\n    \n    <div class=\"row row-cols-1  gx-3 gy-4 \">\n       \n                  <div class=\"col col-12 col-md-6 col-lg-4 d-flex align-items-stretch\">\n  <div class=\"card w-100 border-0\">\n          <img decoding=\"async\" loading=\"lazy\" src=\"https:\/\/content.foodbankscanada.ca\/wordpress\/2025\/06\/Group-40133.png\" class=\"card-img-top blog-image\" style=\"aspect-ratio:437\/329; object-fit: cover;\">\n    \n    <div class=\"card-body p-0 text-body-color \">\n      \n              <p class=\"fw-semibold mt-4 mb-2 blog-title card-title\">Augmentation de l\u2019approvisionnement alimentaire<\/p>\n      \n      \n        <div class=\"card-text\">\n                <p class=\"mb-lg-4 pb-lg-2\">Nous veillons \u00e0 la constance de l\u2019approvisionnement du r\u00e9seau national de banques alimentaires du<br \/>\nCanada en achetant, en transformant et en distribuant des aliments.<\/p>\n\n          <\/div>\n\n            <a href=\"\/fr\/ce-que-nous-faisons\/augmentation-de-lapprovisionnement-alimentaire\/\" class=\"text-body-color text-uppercase h6\" target=\"\" \n          rel=\"\">\n          EN SAVOIR PLUS\n        <\/a>\n            <\/div>\n  <\/div>\n<\/div> \n                  <div class=\"col col-12 col-md-6 col-lg-4 d-flex align-items-stretch\">\n  <div class=\"card w-100 border-0\">\n          <img decoding=\"async\" loading=\"lazy\" src=\"https:\/\/content.foodbankscanada.ca\/wordpress\/2025\/05\/home_160-2.webp\" class=\"card-img-top blog-image\" style=\"aspect-ratio:437\/329; object-fit: cover;\">\n    \n    <div class=\"card-body p-0 text-body-color \">\n      \n              <p class=\"fw-semibold mt-4 mb-2 blog-title card-title\">Soutien et am\u00e9lioration du r\u00e9seau de banques alimentaires<\/p>\n      \n      \n        <div class=\"card-text\">\n                <p class=\"mb-lg-4 pb-lg-2\">Nous collaborons avec les associations provinciales et territoriales, les banques alimentaires et les<br \/>\norganismes communautaires pour faciliter et financer des initiatives qui renforcent le r\u00e9seau national de<br \/>\nbanques alimentaires.<\/p>\n\n          <\/div>\n\n            <a href=\"\/fr\/ce-que-nous-faisons\/soutien-et-amelioration-du-reseau-de-banques-alimentaires\/\" class=\"text-body-color text-uppercase h6\" target=\"\" \n          rel=\"\">\n          EN SAVOIR PLUS\n        <\/a>\n            <\/div>\n  <\/div>\n<\/div> \n                  <div class=\"col col-12 col-md-6 col-lg-4 d-flex align-items-stretch\">\n  <div class=\"card w-100 border-0\">\n          <img decoding=\"async\" loading=\"lazy\" src=\"https:\/\/content.foodbankscanada.ca\/wordpress\/2025\/06\/image-160.png\" class=\"card-img-top blog-image\" style=\"aspect-ratio:437\/329; object-fit: cover;\">\n    \n    <div class=\"card-body p-0 text-body-color \">\n      \n              <p class=\"fw-semibold mt-4 mb-2 blog-title card-title\">D\u00e9fense des int\u00e9r\u00eats et sensibilisation<\/p>\n      \n      \n        <div class=\"card-text\">\n                <p class=\"mb-lg-4 pb-lg-2\">Nous nous effor\u00e7ons d\u2019amplifier les efforts de sensibilisation \u00e0 l\u2019\u00e9chelle locale et nationale afin d\u2019am\u00e9liorer<br \/>\nla perception du public \u00e0 l\u2019\u00e9gard des banques alimentaires et d\u2019influencer les d\u00e9cisions politiques.<\/p>\n\n          <\/div>\n\n            <a href=\"\/fr\/ce-que-nous-faisons\/defense-des-interets-et-sensibilisation\/\" class=\"text-body-color text-uppercase h6\" target=\"\" \n          rel=\"\">\n          EN SAVOIR PLUS\n        <\/a>\n            <\/div>\n  <\/div>\n<\/div> \n                  <\/div>\n  <\/div>\n<\/section><\/div>\n\n\n\n<div id=\"priorites-strategiques\" class=\"wp-block-group is-layout-constrained wp-block-group-is-layout-constrained\"><section class=\" block block-stat-tile-v2 stat-tile-v2 mt-4 mb-5 my-lg-6 py-5 aligndefault \n                 bg-color-beige \" \n                style=\"\">\n  <div class=\"container\">\n          <div class=\"mb-3\">\n        <div class=\"d-flex flex-column flex-md-row align-items-start align-items-md-center\">\n<h2>Priorit\u00e9s strat\u00e9giques<\/h2>\n<div class=\"me-auto ms-0 me-md-0 ms-md-auto\">\n<a class=\"btn\" href=\"https:\/\/stg.foodbankscanada.ca\/strategic-priorities\/\">Pour En Savoir Plus<\/a>\n<\/div>\n<\/div>\n\n      <\/div>\n    \n    <div class=\"row row-cols-1\">\n               \n          <div class=\"col col-12 col-md-6 col-lg-4 mb-4\">\n            <div class=\" p-4  h-100 \n                         bg-color-red \">\n              \n                              <p class=\"text-light\">Priorit\u00e9\u00a01<\/p>\n<h2 class=\"text-secondary\">Agir comme chef de file et se mobiliser pour le changement<\/h2>\n\n                          <\/div>\n          <\/div>\n         \n          <div class=\"col col-12 col-md-6 col-lg-4 mb-4\">\n            <div class=\" p-4  h-100 \n                         bg-color-red \">\n              \n                              <p class=\"text-light\">Priorit\u00e9\u00a02<\/p>\n<h2 class=\"text-secondary\">Renforcer le r\u00e9seau de banques alimentaires pour r\u00e9pondre \u00e0 la demande<\/h2>\n\n                          <\/div>\n          <\/div>\n         \n          <div class=\"col col-12 col-md-6 col-lg-4 mb-4\">\n            <div class=\" p-4  h-100 \n                         bg-color-red \">\n              \n                              <p class=\"text-light\">Priorit\u00e9\u00a03<\/p>\n<h2 class=\"text-secondary\">Am\u00e9liorer l\u2019acc\u00e8s l\u00e0 o\u00f9 les besoins sont les plus grands<\/h2>\n\n                          <\/div>\n          <\/div>\n                  <\/div>\n  <\/div>\n<\/section>\n\n\n      <\/div>\n\n\n\n<hr class=\"wp-block-separator has-alpha-channel-opacity container text-secondary\"\/>\n\n\n\n<div id=\"projets-speciaux\" class=\"wp-block-group is-layout-constrained wp-block-group-is-layout-constrained\">\n<div class=\"wp-block-columns container mt-5 mb-5 my-lg-6 is-layout-flex wp-container-core-columns-is-layout-9d6595d7 wp-block-columns-is-layout-flex\">\n<div class=\"wp-block-column is-layout-flow wp-block-column-is-layout-flow\" style=\"flex-basis:80%\">\n<h2 class=\"wp-block-heading\" id=\"h-projets-speciaux\">Projets sp\u00e9ciaux<\/h2>\n\n\n\n<h4 class=\"wp-block-heading\" id=\"h-banques-alimentaires-canada-ne-se-limite-pas-a-la-nourriture-nous-entreprenons-egalement-des-projets-speciaux-pour-combler-les-penuries-d-autres-articles-essentiels\">Banques alimentaires Canada ne se limite pas \u00e0 la nourriture. Nous entreprenons \u00e9galement des projets<br>sp\u00e9ciaux pour combler les p\u00e9nuries d\u2019autres articles essentiels.<\/h4>\n\n\n\n<p class=\"body-title mt-5\">Fonds d\u2019\u00e9quit\u00e9 menstruelle<\/p>\n\n\n\n<p class=\"mb-3\">Les produits menstruels sont un besoin de base. C\u2019est pourquoi nous travaillons avec Femmes et \u00c9galit\u00e9<br>des genres Canada pour lutter contre la pr\u00e9carit\u00e9 menstruelle au Canada.<\/p>\n\n\n\n<h6 class=\"wp-block-heading\" id=\"h-pour-en-savoir-plus\"><a class=\"text-uppercase\" href=\"https:\/\/foodbankscanada.ca\/fr\/fonds-dequite-menstruelle\/\">Pour en savoir plus<\/a><\/h6>\n<\/div>\n\n\n\n<div class=\"wp-block-column is-layout-flow wp-block-column-is-layout-flow\" style=\"flex-basis:20%\"><\/div>\n<\/div>\n<\/div>\n\n\n\n<hr class=\"wp-block-separator has-alpha-channel-opacity container text-secondary\"\/>\n\n\n<section class=\" block block-donation donation mt-4 mb-5 my-lg-6 aligndefault\" style=\"\">\n  <div id=\"donation-container\" class=\"container d-flex flex-column flex-lg-row \n        justify-content-center align-items-center bg-color-beige py-4\">          \n    <div class=\"w-100 p-4 p-lg-6 \">\n      <h2>Aidez \u00e0 \u00e9liminer la faim.<br \/>\nFaites un don d\u00e8s maintenant.<br \/>\n<\/h2>\n<p>Votre g\u00e9n\u00e9reux soutien aidera \u00e0 faire en sorte que les familles, les a\u00een\u00e9s et les enfants qui sont aux prises avec l\u2019ins\u00e9curit\u00e9 alimentaire obtiennent les aliments nutritifs dont ils ont besoin pour atteindre leur plein potentiel.<\/p>\n\n    <\/div>\n    <div class=\"w-100 d-flex justify-content-center\">\n      <a href=\"#XPZQTLKH\" style=\"display: none\"><\/a>\n    <\/div>\n  <\/div>\n<\/section>\n\n\n<div style=\"height:40px\" aria-hidden=\"true\" class=\"wp-block-spacer\"><\/div>\n","protected":false},"excerpt":{"rendered":"<p>Notre travail La mission de Banques alimentaires Canada est simple&nbsp;: soulager la faim aujourd\u2019hui et pr\u00e9venir la faim demain. Nous travaillons \u00e0 l\u2019atteinte de notre vision d\u2019un Canada o\u00f9 personne ne souffrira de la faim. Mais \u00e0 quoi cela ressemble-t-il dans les faits? Nous soutenons plus de 5&nbsp;500 banques alimentaires et organismes communautaires partout au&#8230;<\/p>\n","protected":false},"author":2,"featured_media":40307,"parent":0,"menu_order":17,"comment_status":"closed","ping_status":"closed","template":"full-width-page.blade.php","meta":{"_acf_changed":false,"footnotes":""},"categories":[],"tags":[],"class_list":["post-41555","page","type-page","status-publish","has-post-thumbnail","hentry"],"acf":[],"yoast_head":"<!-- This site is optimized with the Yoast SEO Premium plugin v26.9 (Yoast SEO v26.9) - https:\/\/yoast.com\/product\/yoast-seo-premium-wordpress\/ -->\n<title>Ce que nous faisons - Banques alimentaires Canada<\/title>\n<meta name=\"robots\" content=\"noindex, follow, max-snippet:-1, max-image-preview:large, max-video-preview:-1\" \/>\n<meta property=\"og:locale\" content=\"fr_CA\" \/>\n<meta property=\"og:type\" content=\"article\" \/>\n<meta property=\"og:title\" content=\"Ce que nous faisons\" \/>\n<meta property=\"og:description\" content=\"Notre travail La mission de Banques alimentaires Canada est simple&nbsp;: soulager la faim aujourd\u2019hui et pr\u00e9venir la faim demain. Nous travaillons \u00e0 l\u2019atteinte de notre vision d\u2019un Canada o\u00f9 personne ne souffrira de la faim. Mais \u00e0 quoi cela ressemble-t-il dans les faits? Nous soutenons plus de 5&nbsp;500 banques alimentaires et organismes communautaires partout au...\" \/>\n<meta property=\"og:url\" content=\"https:\/\/stg.foodbankscanada.ca\/fr\/ce-que-nous-faisons\/\" \/>\n<meta property=\"og:site_name\" content=\"Banques alimentaires Canada\" \/>\n<meta property=\"article:modified_time\" content=\"2025-12-19T14:16:34+00:00\" \/>\n<meta property=\"og:image\" content=\"https:\/\/content.foodbankscanada.ca\/wordpress\/2025\/05\/senior-couple-washing-dishes.png\" \/>\n\t<meta property=\"og:image:width\" content=\"895\" \/>\n\t<meta property=\"og:image:height\" content=\"411\" \/>\n\t<meta property=\"og:image:type\" content=\"image\/png\" \/>\n<meta name=\"twitter:card\" content=\"summary_large_image\" \/>\n<meta name=\"twitter:label1\" content=\"Est. reading time\" \/>\n\t<meta name=\"twitter:data1\" content=\"1 minute\" \/>\n<script type=\"application\/ld+json\" class=\"yoast-schema-graph\">{\"@context\":\"https:\/\/schema.org\",\"@graph\":[{\"@type\":\"WebPage\",\"@id\":\"https:\/\/stg.foodbankscanada.ca\/fr\/ce-que-nous-faisons\/\",\"url\":\"https:\/\/stg.foodbankscanada.ca\/fr\/ce-que-nous-faisons\/\",\"name\":\"Ce que nous faisons - Banques alimentaires Canada\",\"isPartOf\":{\"@id\":\"https:\/\/stg.foodbankscanada.ca\/fr\/#website\"},\"primaryImageOfPage\":{\"@id\":\"https:\/\/stg.foodbankscanada.ca\/fr\/ce-que-nous-faisons\/#primaryimage\"},\"image\":{\"@id\":\"https:\/\/stg.foodbankscanada.ca\/fr\/ce-que-nous-faisons\/#primaryimage\"},\"thumbnailUrl\":\"https:\/\/content.foodbankscanada.ca\/wordpress\/2025\/05\/senior-couple-washing-dishes.png\",\"datePublished\":\"2025-05-16T13:34:04+00:00\",\"dateModified\":\"2025-12-19T14:16:34+00:00\",\"breadcrumb\":{\"@id\":\"https:\/\/stg.foodbankscanada.ca\/fr\/ce-que-nous-faisons\/#breadcrumb\"},\"inLanguage\":\"fr-CA\",\"potentialAction\":[{\"@type\":\"ReadAction\",\"target\":[\"https:\/\/stg.foodbankscanada.ca\/fr\/ce-que-nous-faisons\/\"]}]},{\"@type\":\"ImageObject\",\"inLanguage\":\"fr-CA\",\"@id\":\"https:\/\/stg.foodbankscanada.ca\/fr\/ce-que-nous-faisons\/#primaryimage\",\"url\":\"https:\/\/content.foodbankscanada.ca\/wordpress\/2025\/05\/senior-couple-washing-dishes.png\",\"contentUrl\":\"https:\/\/content.foodbankscanada.ca\/wordpress\/2025\/05\/senior-couple-washing-dishes.png\",\"width\":895,\"height\":411},{\"@type\":\"BreadcrumbList\",\"@id\":\"https:\/\/stg.foodbankscanada.ca\/fr\/ce-que-nous-faisons\/#breadcrumb\",\"itemListElement\":[{\"@type\":\"ListItem\",\"position\":1,\"name\":\"Accueil\",\"item\":\"https:\/\/stg.foodbankscanada.ca\/fr\/\"},{\"@type\":\"ListItem\",\"position\":2,\"name\":\"Ce que nous faisons\"}]},{\"@type\":\"WebSite\",\"@id\":\"https:\/\/stg.foodbankscanada.ca\/fr\/#website\",\"url\":\"https:\/\/stg.foodbankscanada.ca\/fr\/\",\"name\":\"Food Banks Canada\",\"description\":\"\",\"potentialAction\":[{\"@type\":\"SearchAction\",\"target\":{\"@type\":\"EntryPoint\",\"urlTemplate\":\"https:\/\/stg.foodbankscanada.ca\/fr\/?s={search_term_string}\"},\"query-input\":{\"@type\":\"PropertyValueSpecification\",\"valueRequired\":true,\"valueName\":\"search_term_string\"}}],\"inLanguage\":\"fr-CA\"}]}<\/script>\n<!-- \/ Yoast SEO Premium plugin. -->","yoast_head_json":{"title":"Ce que nous faisons - Banques alimentaires Canada","robots":{"index":"noindex","follow":"follow","max-snippet":"max-snippet:-1","max-image-preview":"max-image-preview:large","max-video-preview":"max-video-preview:-1"},"og_locale":"fr_CA","og_type":"article","og_title":"Ce que nous faisons","og_description":"Notre travail La mission de Banques alimentaires Canada est simple&nbsp;: soulager la faim aujourd\u2019hui et pr\u00e9venir la faim demain. Nous travaillons \u00e0 l\u2019atteinte de notre vision d\u2019un Canada o\u00f9 personne ne souffrira de la faim. Mais \u00e0 quoi cela ressemble-t-il dans les faits? Nous soutenons plus de 5&nbsp;500 banques alimentaires et organismes communautaires partout au...","og_url":"https:\/\/stg.foodbankscanada.ca\/fr\/ce-que-nous-faisons\/","og_site_name":"Banques alimentaires Canada","article_modified_time":"2025-12-19T14:16:34+00:00","og_image":[{"width":895,"height":411,"url":"https:\/\/content.foodbankscanada.ca\/wordpress\/2025\/05\/senior-couple-washing-dishes.png","type":"image\/png"}],"twitter_card":"summary_large_image","twitter_misc":{"Est. reading time":"1 minute"},"schema":{"@context":"https:\/\/schema.org","@graph":[{"@type":"WebPage","@id":"https:\/\/stg.foodbankscanada.ca\/fr\/ce-que-nous-faisons\/","url":"https:\/\/stg.foodbankscanada.ca\/fr\/ce-que-nous-faisons\/","name":"Ce que nous faisons - Banques alimentaires Canada","isPartOf":{"@id":"https:\/\/stg.foodbankscanada.ca\/fr\/#website"},"primaryImageOfPage":{"@id":"https:\/\/stg.foodbankscanada.ca\/fr\/ce-que-nous-faisons\/#primaryimage"},"image":{"@id":"https:\/\/stg.foodbankscanada.ca\/fr\/ce-que-nous-faisons\/#primaryimage"},"thumbnailUrl":"https:\/\/content.foodbankscanada.ca\/wordpress\/2025\/05\/senior-couple-washing-dishes.png","datePublished":"2025-05-16T13:34:04+00:00","dateModified":"2025-12-19T14:16:34+00:00","breadcrumb":{"@id":"https:\/\/stg.foodbankscanada.ca\/fr\/ce-que-nous-faisons\/#breadcrumb"},"inLanguage":"fr-CA","potentialAction":[{"@type":"ReadAction","target":["https:\/\/stg.foodbankscanada.ca\/fr\/ce-que-nous-faisons\/"]}]},{"@type":"ImageObject","inLanguage":"fr-CA","@id":"https:\/\/stg.foodbankscanada.ca\/fr\/ce-que-nous-faisons\/#primaryimage","url":"https:\/\/content.foodbankscanada.ca\/wordpress\/2025\/05\/senior-couple-washing-dishes.png","contentUrl":"https:\/\/content.foodbankscanada.ca\/wordpress\/2025\/05\/senior-couple-washing-dishes.png","width":895,"height":411},{"@type":"BreadcrumbList","@id":"https:\/\/stg.foodbankscanada.ca\/fr\/ce-que-nous-faisons\/#breadcrumb","itemListElement":[{"@type":"ListItem","position":1,"name":"Accueil","item":"https:\/\/stg.foodbankscanada.ca\/fr\/"},{"@type":"ListItem","position":2,"name":"Ce que nous faisons"}]},{"@type":"WebSite","@id":"https:\/\/stg.foodbankscanada.ca\/fr\/#website","url":"https:\/\/stg.foodbankscanada.ca\/fr\/","name":"Food Banks Canada","description":"","potentialAction":[{"@type":"SearchAction","target":{"@type":"EntryPoint","urlTemplate":"https:\/\/stg.foodbankscanada.ca\/fr\/?s={search_term_string}"},"query-input":{"@type":"PropertyValueSpecification","valueRequired":true,"valueName":"search_term_string"}}],"inLanguage":"fr-CA"}]}},"_links":{"self":[{"href":"https:\/\/stg.foodbankscanada.ca\/fr\/wp-json\/wp\/v2\/pages\/41555","targetHints":{"allow":["GET"]}}],"collection":[{"href":"https:\/\/stg.foodbankscanada.ca\/fr\/wp-json\/wp\/v2\/pages"}],"about":[{"href":"https:\/\/stg.foodbankscanada.ca\/fr\/wp-json\/wp\/v2\/types\/page"}],"author":[{"embeddable":true,"href":"https:\/\/stg.foodbankscanada.ca\/fr\/wp-json\/wp\/v2\/users\/2"}],"replies":[{"embeddable":true,"href":"https:\/\/stg.foodbankscanada.ca\/fr\/wp-json\/wp\/v2\/comments?post=41555"}],"version-history":[{"count":55,"href":"https:\/\/stg.foodbankscanada.ca\/fr\/wp-json\/wp\/v2\/pages\/41555\/revisions"}],"predecessor-version":[{"id":46597,"href":"https:\/\/stg.foodbankscanada.ca\/fr\/wp-json\/wp\/v2\/pages\/41555\/revisions\/46597"}],"wp:featuredmedia":[{"embeddable":true,"href":"https:\/\/stg.foodbankscanada.ca\/fr\/wp-json\/wp\/v2\/media\/40307"}],"wp:attachment":[{"href":"https:\/\/stg.foodbankscanada.ca\/fr\/wp-json\/wp\/v2\/media?parent=41555"}],"wp:term":[{"taxonomy":"category","embeddable":true,"href":"https:\/\/stg.foodbankscanada.ca\/fr\/wp-json\/wp\/v2\/categories?post=41555"},{"taxonomy":"post_tag","embeddable":true,"href":"https:\/\/stg.foodbankscanada.ca\/fr\/wp-json\/wp\/v2\/tags?post=41555"}],"curies":[{"name":"wp","href":"https:\/\/api.w.org\/{rel}","templated":true}]}}